{"id":100005158,"date":"2025-12-18T11:19:54","date_gmt":"2025-12-18T16:19:54","guid":{"rendered":"https:\/\/hydromec.ca\/produit\/2022-ponsse-elephant-king-transporteur-6999-heures\/"},"modified":"2025-12-18T11:20:42","modified_gmt":"2025-12-18T16:20:42","slug":"2022-ponsse-elephant-king-transporteur-6999-heures","status":"publish","type":"product","link":"https:\/\/hydromec.ca\/en\/produit\/2022-ponsse-elephant-king-transporteur-6999-heures\/","title":{"rendered":"2022 Ponsse Elephant King Transporteur 6999 heures"},"content":{"rendered":"<p><br data-mce-bogus=\"1\"><\/p>\n","protected":false},"excerpt":{"rendered":"<p><strong>Cat\u00e9gorie<\/strong>&nbsp;: Transporteur<br \/><strong>Marque<\/strong> : Ponsse<\/p>\n<p><strong>Modele<\/strong> : Elephant King<br \/><strong>Ann\u00e9e<\/strong>&nbsp;: 2022<br \/><strong>Localisation<\/strong>&nbsp;: Dolbeau-Mistassini, Qu\u00e9bec<br \/><strong>Pays<\/strong>&nbsp;: Canada<br \/><strong>Prix<\/strong> : 449 000 CAD<br \/><strong>Relev\u00e9 de compteur<\/strong> : 6 999 h<br \/><strong>Num\u00e9ro de s\u00e9rie<\/strong> : PONS09NEKAA130512<\/p>\n","protected":false},"featured_media":100005144,"template":"","meta":{"_et_pb_use_builder":"","_et_pb_old_content":"","_et_gb_content_width":""},"product_brand":[],"product_cat":[311],"product_tag":[],"class_list":{"0":"post-100005158","1":"product","2":"type-product","3":"status-publish","4":"has-post-thumbnail","6":"product_cat-forwarder-en-3","8":"first","9":"instock","10":"shipping-taxable","11":"product-type-simple"},"yoast_head":"<!-- This site is optimized with the Yoast SEO plugin v27.1.1 - https:\/\/yoast.com\/product\/yoast-seo-wordpress\/ -->\n<title>2022 Ponsse Elephant King Transporteur 6999 heures | Hydromec<\/title>\n<meta name=\"robots\" content=\"index, follow, max-snippet:-1, max-image-preview:large, max-video-preview:-1\" \/>\n<link rel=\"canonical\" href=\"https:\/\/hydromec.ca\/en\/produit\/2022-ponsse-elephant-king-transporteur-6999-heures\/\" \/>\n<meta property=\"og:locale\" content=\"en_US\" \/>\n<meta property=\"og:type\" content=\"article\" \/>\n<meta property=\"og:title\" content=\"2022 Ponsse Elephant King Transporteur 6999 heures | Hydromec\" \/>\n<meta property=\"og:description\" content=\"Cat\u00e9gorie&nbsp;: TransporteurMarque : PonsseModele : Elephant KingAnn\u00e9e&nbsp;: 2022Localisation&nbsp;: Dolbeau-Mistassini, Qu\u00e9becPays&nbsp;: CanadaPrix : 449 000 CADRelev\u00e9 de compteur : 6 999 hNum\u00e9ro de s\u00e9rie : PONS09NEKAA130512\" \/>\n<meta property=\"og:url\" content=\"https:\/\/hydromec.ca\/en\/produit\/2022-ponsse-elephant-king-transporteur-6999-heures\/\" \/>\n<meta property=\"og:site_name\" content=\"Hydromec\" \/>\n<meta property=\"article:publisher\" content=\"https:\/\/www.facebook.com\/hydromecinc\" \/>\n<meta property=\"article:modified_time\" content=\"2025-12-18T16:20:42+00:00\" \/>\n<meta property=\"og:image\" content=\"https:\/\/hydromec.ca\/wp-content\/uploads\/2024\/12\/accueil-hydromec-2.jpg\" \/>\n\t<meta property=\"og:image:width\" content=\"1200\" \/>\n\t<meta property=\"og:image:height\" content=\"675\" \/>\n\t<meta property=\"og:image:type\" content=\"image\/jpeg\" \/>\n<meta name=\"twitter:card\" content=\"summary_large_image\" \/>\n<script type=\"application\/ld+json\" class=\"yoast-schema-graph\">{\"@context\":\"https:\/\/schema.org\",\"@graph\":[{\"@type\":\"WebPage\",\"@id\":\"https:\/\/hydromec.ca\/en\/produit\/2022-ponsse-elephant-king-transporteur-6999-heures\/\",\"url\":\"https:\/\/hydromec.ca\/en\/produit\/2022-ponsse-elephant-king-transporteur-6999-heures\/\",\"name\":\"2022 Ponsse Elephant King Transporteur 6999 heures | Hydromec\",\"isPartOf\":{\"@id\":\"https:\/\/hydromec.ca\/en\/#website\"},\"primaryImageOfPage\":{\"@id\":\"https:\/\/hydromec.ca\/en\/produit\/2022-ponsse-elephant-king-transporteur-6999-heures\/#primaryimage\"},\"image\":{\"@id\":\"https:\/\/hydromec.ca\/en\/produit\/2022-ponsse-elephant-king-transporteur-6999-heures\/#primaryimage\"},\"thumbnailUrl\":\"https:\/\/hydromec.ca\/wp-content\/uploads\/2025\/12\/IMG_2901.jpg\",\"datePublished\":\"2025-12-18T16:19:54+00:00\",\"dateModified\":\"2025-12-18T16:20:42+00:00\",\"breadcrumb\":{\"@id\":\"https:\/\/hydromec.ca\/en\/produit\/2022-ponsse-elephant-king-transporteur-6999-heures\/#breadcrumb\"},\"inLanguage\":\"en-US\",\"potentialAction\":[{\"@type\":\"ReadAction\",\"target\":[\"https:\/\/hydromec.ca\/en\/produit\/2022-ponsse-elephant-king-transporteur-6999-heures\/\"]}]},{\"@type\":\"ImageObject\",\"inLanguage\":\"en-US\",\"@id\":\"https:\/\/hydromec.ca\/en\/produit\/2022-ponsse-elephant-king-transporteur-6999-heures\/#primaryimage\",\"url\":\"https:\/\/hydromec.ca\/wp-content\/uploads\/2025\/12\/IMG_2901.jpg\",\"contentUrl\":\"https:\/\/hydromec.ca\/wp-content\/uploads\/2025\/12\/IMG_2901.jpg\",\"width\":3000,\"height\":2250},{\"@type\":\"BreadcrumbList\",\"@id\":\"https:\/\/hydromec.ca\/en\/produit\/2022-ponsse-elephant-king-transporteur-6999-heures\/#breadcrumb\",\"itemListElement\":[{\"@type\":\"ListItem\",\"position\":1,\"name\":\"Accueil\",\"item\":\"https:\/\/hydromec.ca\/en\/\"},{\"@type\":\"ListItem\",\"position\":2,\"name\":\"Shop\",\"item\":\"https:\/\/hydromec.ca\/boutique\/\"},{\"@type\":\"ListItem\",\"position\":3,\"name\":\"2022 Ponsse Elephant King Transporteur 6999 heures\"}]},{\"@type\":\"WebSite\",\"@id\":\"https:\/\/hydromec.ca\/en\/#website\",\"url\":\"https:\/\/hydromec.ca\/en\/\",\"name\":\"Hydromec inc.\",\"description\":\"Le leader dans la vente d\u2019\u00e9quipement forestier au Qu\u00e9bec\",\"potentialAction\":[{\"@type\":\"SearchAction\",\"target\":{\"@type\":\"EntryPoint\",\"urlTemplate\":\"https:\/\/hydromec.ca\/en\/?s={search_term_string}\"},\"query-input\":{\"@type\":\"PropertyValueSpecification\",\"valueRequired\":true,\"valueName\":\"search_term_string\"}}],\"inLanguage\":\"en-US\"}]}<\/script>\n<!-- \/ Yoast SEO plugin. -->","yoast_head_json":{"title":"2022 Ponsse Elephant King Transporteur 6999 heures | Hydromec","robots":{"index":"index","follow":"follow","max-snippet":"max-snippet:-1","max-image-preview":"max-image-preview:large","max-video-preview":"max-video-preview:-1"},"canonical":"https:\/\/hydromec.ca\/en\/produit\/2022-ponsse-elephant-king-transporteur-6999-heures\/","og_locale":"en_US","og_type":"article","og_title":"2022 Ponsse Elephant King Transporteur 6999 heures | Hydromec","og_description":"Cat\u00e9gorie&nbsp;: TransporteurMarque : PonsseModele : Elephant KingAnn\u00e9e&nbsp;: 2022Localisation&nbsp;: Dolbeau-Mistassini, Qu\u00e9becPays&nbsp;: CanadaPrix : 449 000 CADRelev\u00e9 de compteur : 6 999 hNum\u00e9ro de s\u00e9rie : PONS09NEKAA130512","og_url":"https:\/\/hydromec.ca\/en\/produit\/2022-ponsse-elephant-king-transporteur-6999-heures\/","og_site_name":"Hydromec","article_publisher":"https:\/\/www.facebook.com\/hydromecinc","article_modified_time":"2025-12-18T16:20:42+00:00","og_image":[{"width":1200,"height":675,"url":"https:\/\/hydromec.ca\/wp-content\/uploads\/2024\/12\/accueil-hydromec-2.jpg","type":"image\/jpeg"}],"twitter_card":"summary_large_image","schema":{"@context":"https:\/\/schema.org","@graph":[{"@type":"WebPage","@id":"https:\/\/hydromec.ca\/en\/produit\/2022-ponsse-elephant-king-transporteur-6999-heures\/","url":"https:\/\/hydromec.ca\/en\/produit\/2022-ponsse-elephant-king-transporteur-6999-heures\/","name":"2022 Ponsse Elephant King Transporteur 6999 heures | Hydromec","isPartOf":{"@id":"https:\/\/hydromec.ca\/en\/#website"},"primaryImageOfPage":{"@id":"https:\/\/hydromec.ca\/en\/produit\/2022-ponsse-elephant-king-transporteur-6999-heures\/#primaryimage"},"image":{"@id":"https:\/\/hydromec.ca\/en\/produit\/2022-ponsse-elephant-king-transporteur-6999-heures\/#primaryimage"},"thumbnailUrl":"https:\/\/hydromec.ca\/wp-content\/uploads\/2025\/12\/IMG_2901.jpg","datePublished":"2025-12-18T16:19:54+00:00","dateModified":"2025-12-18T16:20:42+00:00","breadcrumb":{"@id":"https:\/\/hydromec.ca\/en\/produit\/2022-ponsse-elephant-king-transporteur-6999-heures\/#breadcrumb"},"inLanguage":"en-US","potentialAction":[{"@type":"ReadAction","target":["https:\/\/hydromec.ca\/en\/produit\/2022-ponsse-elephant-king-transporteur-6999-heures\/"]}]},{"@type":"ImageObject","inLanguage":"en-US","@id":"https:\/\/hydromec.ca\/en\/produit\/2022-ponsse-elephant-king-transporteur-6999-heures\/#primaryimage","url":"https:\/\/hydromec.ca\/wp-content\/uploads\/2025\/12\/IMG_2901.jpg","contentUrl":"https:\/\/hydromec.ca\/wp-content\/uploads\/2025\/12\/IMG_2901.jpg","width":3000,"height":2250},{"@type":"BreadcrumbList","@id":"https:\/\/hydromec.ca\/en\/produit\/2022-ponsse-elephant-king-transporteur-6999-heures\/#breadcrumb","itemListElement":[{"@type":"ListItem","position":1,"name":"Accueil","item":"https:\/\/hydromec.ca\/en\/"},{"@type":"ListItem","position":2,"name":"Shop","item":"https:\/\/hydromec.ca\/boutique\/"},{"@type":"ListItem","position":3,"name":"2022 Ponsse Elephant King Transporteur 6999 heures"}]},{"@type":"WebSite","@id":"https:\/\/hydromec.ca\/en\/#website","url":"https:\/\/hydromec.ca\/en\/","name":"Hydromec inc.","description":"Le leader dans la vente d\u2019\u00e9quipement forestier au Qu\u00e9bec","potentialAction":[{"@type":"SearchAction","target":{"@type":"EntryPoint","urlTemplate":"https:\/\/hydromec.ca\/en\/?s={search_term_string}"},"query-input":{"@type":"PropertyValueSpecification","valueRequired":true,"valueName":"search_term_string"}}],"inLanguage":"en-US"}]}},"_links":{"self":[{"href":"https:\/\/hydromec.ca\/en\/wp-json\/wp\/v2\/product\/100005158","targetHints":{"allow":["GET"]}}],"collection":[{"href":"https:\/\/hydromec.ca\/en\/wp-json\/wp\/v2\/product"}],"about":[{"href":"https:\/\/hydromec.ca\/en\/wp-json\/wp\/v2\/types\/product"}],"wp:featuredmedia":[{"embeddable":true,"href":"https:\/\/hydromec.ca\/en\/wp-json\/wp\/v2\/media\/100005144"}],"wp:attachment":[{"href":"https:\/\/hydromec.ca\/en\/wp-json\/wp\/v2\/media?parent=100005158"}],"wp:term":[{"taxonomy":"product_brand","embeddable":true,"href":"https:\/\/hydromec.ca\/en\/wp-json\/wp\/v2\/product_brand?post=100005158"},{"taxonomy":"product_cat","embeddable":true,"href":"https:\/\/hydromec.ca\/en\/wp-json\/wp\/v2\/product_cat?post=100005158"},{"taxonomy":"product_tag","embeddable":true,"href":"https:\/\/hydromec.ca\/en\/wp-json\/wp\/v2\/product_tag?post=100005158"}],"curies":[{"name":"wp","href":"https:\/\/api.w.org\/{rel}","templated":true}]}}