{"id":100003896,"date":"2023-10-18T16:19:47","date_gmt":"2023-10-18T20:19:47","guid":{"rendered":"https:\/\/hydromec.ca\/landrich\/"},"modified":"2025-04-24T14:42:33","modified_gmt":"2025-04-24T18:42:33","slug":"landrich","status":"publish","type":"page","link":"https:\/\/hydromec.ca\/en\/landrich\/","title":{"rendered":"Landrich"},"content":{"rendered":"<p>[et_pb_section fb_built=&#8221;1&#8243; fullwidth=&#8221;on&#8221; _builder_version=&#8221;4.27.0&#8243; _module_preset=&#8221;default&#8221; global_colors_info=&#8221;{}&#8221;][et_pb_fullwidth_image src=&#8221;https:\/\/hydromec.ca\/wp-content\/uploads\/2024\/08\/landrich-hydromec-1.jpg&#8221; alt=&#8221;landrich-hydromec&#8221; title_text=&#8221;landrich-hydromec&#8221; _builder_version=&#8221;4.27.0&#8243; _module_preset=&#8221;default&#8221; global_colors_info=&#8221;{}&#8221;][\/et_pb_fullwidth_image][\/et_pb_section][et_pb_section fb_built=&#8221;1&#8243; _builder_version=&#8221;4.27.0&#8243; _module_preset=&#8221;default&#8221; global_colors_info=&#8221;{}&#8221;][et_pb_row _builder_version=&#8221;4.27.0&#8243; _module_preset=&#8221;default&#8221; custom_padding=&#8221;||0px||false|false&#8221; global_colors_info=&#8221;{}&#8221;][et_pb_column type=&#8221;4_4&#8243; _builder_version=&#8221;4.27.0&#8243; _module_preset=&#8221;default&#8221; global_colors_info=&#8221;{}&#8221;][et_pb_text _builder_version=&#8221;4.27.0&#8243; _module_preset=&#8221;default&#8221; global_colors_info=&#8221;{}&#8221;]<\/p>\n<h1>Landrich<\/h1>\n<p>[\/et_pb_text][\/et_pb_column][\/et_pb_row][et_pb_row column_structure=&#8221;3_5,2_5&#8243; _builder_version=&#8221;4.27.0&#8243; _module_preset=&#8221;default&#8221; custom_padding=&#8221;0px||||false|false&#8221; global_colors_info=&#8221;{}&#8221;][et_pb_column type=&#8221;3_5&#8243; _builder_version=&#8221;4.27.0&#8243; _module_preset=&#8221;default&#8221; global_colors_info=&#8221;{}&#8221;][et_pb_text _builder_version=&#8221;4.27.0&#8243; _module_preset=&#8221;default&#8221; global_colors_info=&#8221;{}&#8221;]<\/p>\n<h5>Fast forward ten years to the launch of the new Landrich 2.0. Production and sales have been in full swing all year at the Balmoral, New Brunswick production facility.<\/h5>\n<p>[\/et_pb_text][\/et_pb_column][et_pb_column type=&#8221;2_5&#8243; _builder_version=&#8221;4.27.0&#8243; _module_preset=&#8221;default&#8221; global_colors_info=&#8221;{}&#8221;][et_pb_image src=&#8221;https:\/\/hydromec.ca\/wp-content\/uploads\/2024\/11\/logo-landrich-hydromec.svg&#8221; alt=&#8221;logo-landrich-hydromec&#8221; title_text=&#8221;logo-landrich-hydromec&#8221; force_fullwidth=&#8221;on&#8221; _builder_version=&#8221;4.27.3&#8243; _module_preset=&#8221;default&#8221; global_colors_info=&#8221;{}&#8221;][\/et_pb_image][\/et_pb_column][\/et_pb_row][et_pb_row _builder_version=&#8221;4.27.0&#8243; _module_preset=&#8221;default&#8221; custom_padding=&#8221;0px||||false|false&#8221; global_colors_info=&#8221;{}&#8221;][et_pb_column type=&#8221;4_4&#8243; _builder_version=&#8221;4.27.0&#8243; _module_preset=&#8221;default&#8221; global_colors_info=&#8221;{}&#8221;][et_pb_text _builder_version=&#8221;4.27.0&#8243; _module_preset=&#8221;default&#8221; global_colors_info=&#8221;{}&#8221;]<\/p>\n<p>The Landrich 2.0 tracked harvester has been newly designed to meet current environmental regulations, while maintaining incredible fuel efficiency, power and operator comfort that leverages Ponsse\u2019s cut-to-length opti and harvester head technology. The newly designed cab provides even more operator space and comfort than any other harvester, increasing productivity and reducing operator fatigue.<\/p>\n<p><\/p>\n<p>The Landrich 2.0 is a story of a dream come true for a New Brunswick family business.<\/p>\n<p>[\/et_pb_text][\/et_pb_column][\/et_pb_row][\/et_pb_section][et_pb_section fb_built=&#8221;1&#8243; _builder_version=&#8221;4.27.0&#8243; _module_preset=&#8221;default&#8221; background_color=&#8221;#ececec&#8221; global_colors_info=&#8221;{}&#8221;][et_pb_row _builder_version=&#8221;4.27.0&#8243; _module_preset=&#8221;default&#8221; global_colors_info=&#8221;{}&#8221;][et_pb_column type=&#8221;4_4&#8243; _builder_version=&#8221;4.27.0&#8243; _module_preset=&#8221;default&#8221; global_colors_info=&#8221;{}&#8221;][et_pb_text module_class=&#8221;h2-ligne-noire&#8221; _builder_version=&#8221;4.27.4&#8243; _module_preset=&#8221;default&#8221; global_colors_info=&#8221;{}&#8221;]<\/p>\n<h2>Designed and Built by Forestry Experts<\/h2>\n<p><\/p>\n<p>The Landrich manufacturing facility was founded in Northern New Brunswick in 1997 by the Landry family. The primary focus of this new organization was to design and manufacture forestry conversion kits for excavators and other custom applications.<\/p>\n<p><\/p>\n<p>The dream of producing their own tracked harvester, designed specifically for the unique needs of forestry professionals, began in 2004. With the addition of an R&#038;D department in 2005 and after 4 years of R&#038;D, a Landrich prototype was launched in 2008.<\/p>\n<p><\/p>\n<p>A.L.P.A. Equipment Ltd. understands that a customer&#8217;s machine is more than a piece of metal, it&#8217;s their livelihood, and its performance can make or break a business. This is why A.L.P.A. Equipment Ltd. considers each client as a partner. Our client&#8217;s success is A.L.P.A.&#8217;s success. Equipment Ltd.<\/p>\n<p>[\/et_pb_text][\/et_pb_column][\/et_pb_row][et_pb_row column_structure=&#8221;1_2,1_2&#8243; _builder_version=&#8221;4.27.0&#8243; _module_preset=&#8221;default&#8221; global_colors_info=&#8221;{}&#8221;][et_pb_column type=&#8221;1_2&#8243; _builder_version=&#8221;4.27.0&#8243; _module_preset=&#8221;default&#8221; global_colors_info=&#8221;{}&#8221;][et_pb_image src=&#8221;https:\/\/hydromec.ca\/wp-content\/uploads\/2024\/12\/histoire-landrich-hydromec-2.jpg&#8221; alt=&#8221;histoire-landrich-hydromec&#8221; title_text=&#8221;histoire-landrich-hydromec-2&#8243; _builder_version=&#8221;4.27.4&#8243; _module_preset=&#8221;default&#8221; global_colors_info=&#8221;{}&#8221;][\/et_pb_image][\/et_pb_column][et_pb_column type=&#8221;1_2&#8243; _builder_version=&#8221;4.27.0&#8243; _module_preset=&#8221;default&#8221; global_colors_info=&#8221;{}&#8221;][et_pb_text _builder_version=&#8221;4.27.4&#8243; _module_preset=&#8221;default&#8221; global_colors_info=&#8221;{}&#8221;]<\/p>\n<p>The Landrich manufacturing facility was founded in Northern New Brunswick in 1997 by the Landry family. The primary focus of this new organization was to design and manufacture forestry conversion kits for excavators and other custom applications.<\/p>\n<p><\/p>\n<p>The dream of producing their own tracked harvester, designed specifically for the unique needs of forestry professionals, began in 2004. With the addition of an R&#038;D department in 2005 and after 4 years of R&#038;D, a Landrich prototype was launched in 2008.<\/p>\n<p><\/p>\n<p>This young company quickly established itself as an innovator in the forestry industry by conceptualizing, designing and producing the first purpose-built tracked harvester on the market.<\/p>\n<p>[\/et_pb_text][\/et_pb_column][\/et_pb_row][\/et_pb_section][et_pb_section fb_built=&#8221;1&#8243; _builder_version=&#8221;4.27.0&#8243; _module_preset=&#8221;default&#8221; global_colors_info=&#8221;{}&#8221;][et_pb_row _builder_version=&#8221;4.27.0&#8243; _module_preset=&#8221;default&#8221; custom_padding=&#8221;||0px||false|false&#8221; global_colors_info=&#8221;{}&#8221;][et_pb_column type=&#8221;4_4&#8243; _builder_version=&#8221;4.27.0&#8243; _module_preset=&#8221;default&#8221; global_colors_info=&#8221;{}&#8221;][et_pb_text module_class=&#8221;h2-ligne-noire&#8221; _builder_version=&#8221;4.27.0&#8243; _module_preset=&#8221;default&#8221; global_colors_info=&#8221;{}&#8221;]<\/p>\n<h2>Our Landrich products<\/h2>\n<p>[\/et_pb_text][\/et_pb_column][\/et_pb_row][et_pb_row column_structure=&#8221;1_3,1_3,1_3&#8243; make_equal=&#8221;on&#8221; module_class=&#8221;nos-produtis&#8221; _builder_version=&#8221;4.27.3&#8243; _module_preset=&#8221;default&#8221; global_colors_info=&#8221;{}&#8221;][et_pb_column type=&#8221;1_3&#8243; _builder_version=&#8221;4.27.0&#8243; _module_preset=&#8221;default&#8221; global_colors_info=&#8221;{}&#8221;][et_pb_image src=&#8221;https:\/\/hydromec.ca\/wp-content\/uploads\/2024\/11\/abatteuse-landrich-hydromec-480&#215;233-1.jpg&#8221; alt=&#8221;abatteuse-landrich-hydromec-480&#215;233&#8243; title_text=&#8221;abatteuse-landrich-hydromec-480&#215;233&#8243; align=&#8221;center&#8221; force_fullwidth=&#8221;on&#8221; _builder_version=&#8221;4.27.3&#8243; _module_preset=&#8221;default&#8221; global_colors_info=&#8221;{}&#8221;][\/et_pb_image][et_pb_text _builder_version=&#8221;4.27.3&#8243; _module_preset=&#8221;default&#8221; global_colors_info=&#8221;{}&#8221;]<\/p>\n<h3 style=\"text-align: center;\">Harvesters<\/h3>\n<p>[\/et_pb_text][et_pb_button button_url=&#8221;https:\/\/hydromec.ca\/en\/categorie-produit\/harvester\/&#8221; button_text=&#8221;Learn more&#8221; button_alignment=&#8221;center&#8221; _builder_version=&#8221;4.27.4&#8243; _module_preset=&#8221;default&#8221; hover_enabled=&#8221;0&#8243; global_colors_info=&#8221;{}&#8221; sticky_enabled=&#8221;0&#8243;][\/et_pb_button][\/et_pb_column][et_pb_column type=&#8221;1_3&#8243; _builder_version=&#8221;4.27.0&#8243; _module_preset=&#8221;default&#8221; global_colors_info=&#8221;{}&#8221;][\/et_pb_column][et_pb_column type=&#8221;1_3&#8243; _builder_version=&#8221;4.27.0&#8243; _module_preset=&#8221;default&#8221; global_colors_info=&#8221;{}&#8221;][\/et_pb_column][\/et_pb_row][\/et_pb_section][et_pb_section fb_built=&#8221;1&#8243; _builder_version=&#8221;4.27.0&#8243; _module_preset=&#8221;default&#8221; global_colors_info=&#8221;{}&#8221;][et_pb_row _builder_version=&#8221;4.27.0&#8243; _module_preset=&#8221;default&#8221; global_colors_info=&#8221;{}&#8221;][et_pb_column type=&#8221;4_4&#8243; _builder_version=&#8221;4.27.0&#8243; _module_preset=&#8221;default&#8221; global_colors_info=&#8221;{}&#8221;][et_pb_text _builder_version=&#8221;4.27.3&#8243; _module_preset=&#8221;default&#8221; global_colors_info=&#8221;{}&#8221;]<\/p>\n<p>See the full range of Landrich products<\/p>\n<p><\/p>\n<h5><a href=\"https:\/\/landrich.com\/\" target=\"_blank\" rel=\"noopener\">www.landrich.com\/<\/a><\/h5>\n<p>[\/et_pb_text][et_pb_image src=&#8221;https:\/\/hydromec.ca\/wp-content\/uploads\/2024\/11\/logo-landrich-hydromec.svg&#8221; alt=&#8221;logo-landrich-hydromec&#8221; title_text=&#8221;logo-landrich-hydromec&#8221; _builder_version=&#8221;4.27.3&#8243; _module_preset=&#8221;default&#8221; max_width=&#8221;350px&#8221; global_colors_info=&#8221;{}&#8221;][\/et_pb_image][\/et_pb_column][\/et_pb_row][\/et_pb_section][et_pb_section fb_built=&#8221;1&#8243; _builder_version=&#8221;4.27.0&#8243; _module_preset=&#8221;default&#8221; background_color=&#8221;#0095db&#8221; global_module=&#8221;1548&#8243; global_colors_info=&#8221;{}&#8221;][et_pb_row _builder_version=&#8221;4.27.0&#8243; _module_preset=&#8221;default&#8221; global_colors_info=&#8221;{}&#8221;][et_pb_column type=&#8221;4_4&#8243; _builder_version=&#8221;4.27.0&#8243; _module_preset=&#8221;default&#8221; global_colors_info=&#8221;{}&#8221;][et_pb_text module_class=&#8221;h2-ligne-blanche texte-blanc&#8221; _builder_version=&#8221;4.27.0&#8243; _module_preset=&#8221;default&#8221; global_colors_info=&#8221;{}&#8221;]<\/p>\n<h2>Let&#8217;s stay in touch<\/h2>\n<p><\/p>\n<p>Stay up to date on our events, exclusive promotions and the latest news by subscribing to the Hydromec newsletter.<\/p>\n<p>[\/et_pb_text][et_pb_code module_class=&#8221;formulaire-mailchimp texte-blanc&#8221; _builder_version=&#8221;4.27.2&#8243; _module_preset=&#8221;default&#8221; global_colors_info=&#8221;{}&#8221;]<!-- Begin Mailchimp Signup Form --><!-- [et_pb_line_break_holder] --><!\u2013- [et_pb_br_holder] -\u2013><\/p>\n<div id=\"mc_embed_signup\"><!-- [et_pb_line_break_holder] --><\/p>\n<form id=\"mc-embedded-subscribe-form\" class=\"validate\" action=\"https:\/\/hydromec.us14.list-manage.com\/subscribe\/post?u=5a8ee9902b492514351500bb0&amp;id=85a9808c68&amp;f_id=000773e3f0\" method=\"post\" name=\"mc-embedded-subscribe-form\" novalidate=\"\" target=\"_self\"><!-- [et_pb_line_break_holder] --><\/p>\n<div id=\"mc_embed_signup_scroll\"><!-- [et_pb_line_break_holder] --><\/p>\n<div class=\"mc-field-group\"><!-- [et_pb_line_break_holder] --> <input id=\"mce-EMAIL\" class=\"required email\" name=\"EMAIL\" type=\"email\" placeholder=\"Email\" aria-required=\"true\" \/><!-- [et_pb_line_break_holder] --> <input id=\"mc-embedded-subscribe\" class=\"button\" name=\"subscribe\" type=\"submit\" value=\"Subscribe\" \/><!-- [et_pb_line_break_holder] --><\/div>\n<p><!\u2013- [et_pb_br_holder] -\u2013><!-- [et_pb_line_break_holder] --><!\u2013- [et_pb_br_holder] -\u2013><\/p>\n<div id=\"mce-responses\" class=\"clear\"><!-- [et_pb_line_break_holder] --><\/p>\n<div id=\"mce-error-response\" class=\"response\" style=\"display: none;\">\u00a0<\/div>\n<p><!\u2013- [et_pb_br_holder] -\u2013><!-- [et_pb_line_break_holder] --><!\u2013- [et_pb_br_holder] -\u2013><\/p>\n<div id=\"mce-success-response\" class=\"response\" style=\"display: none;\">\u00a0<\/div>\n<p><!\u2013- [et_pb_br_holder] -\u2013><!-- [et_pb_line_break_holder] --><\/div>\n<p><!\u2013- [et_pb_br_holder] -\u2013><!-- [et_pb_line_break_holder] --><!\u2013- [et_pb_br_holder] -\u2013><pee><!-- real people should not fill this in and expect good things - do not remove this or risk form bot signups--><\/pee><!\u2013- [et_pb_br_holder] -\u2013><!-- [et_pb_line_break_holder] --><!\u2013- [et_pb_br_holder] -\u2013><\/p>\n<div style=\"position: absolute; left: -5000px;\" aria-hidden=\"true\"><input tabindex=\"-1\" name=\"b_fcc1074566e105fd6d5490466_5d1fca8344\" type=\"text\" value=\"\" \/><\/div>\n<p><!\u2013- [et_pb_br_holder] -\u2013><!-- [et_pb_line_break_holder] --><\/div>\n<p><!\u2013- [et_pb_br_holder] -\u2013><!-- [et_pb_line_break_holder] --><\/form>\n<p><!-- [et_pb_line_break_holder] --><\/div>\n<p><!\u2013- [et_pb_br_holder] -\u2013><!-- [et_pb_line_break_holder] --><!\u2013- [et_pb_br_holder] -\u2013><pee><script type=\"text\/javascript\" src=\"\/\/s3.amazonaws.com\/downloads.mailchimp.com\/js\/mc-validate.js\"><\/script><script type=\"text\/javascript\">(function($) {window.fnames = new Array(); window.ftypes = new Array();fnames[0]='EMAIL';ftypes[0]='email';fnames[1]='FNAME';ftypes[1]='text';fnames[2]='LNAME';ftypes[2]='text';fnames[3]='ADDRESS';ftypes[3]='address';fnames[4]='PHONE';ftypes[4]='phone';fnames[5]='BIRTHDAY';ftypes[5]='birthday';\/*<!\u2013- [et_pb_br_holder] -\u2013><!-- [et_pb_line_break_holder] --> * Translated default messages for the $ validation plugin.<!\u2013- [et_pb_br_holder] -\u2013><!-- [et_pb_line_break_holder] --> * Locale: FR<!\u2013- [et_pb_br_holder] -\u2013><!-- [et_pb_line_break_holder] --> *\/<!\u2013- [et_pb_br_holder] -\u2013><!-- [et_pb_line_break_holder] -->$.extend($.validator.messages, {<!\u2013- [et_pb_br_holder] -\u2013><!-- [et_pb_line_break_holder] -->        required: \"This field is required.\",<!\u2013- [et_pb_br_holder] -\u2013><!-- [et_pb_line_break_holder] -->        remote: \"Please fill this field to continue.\",<!\u2013- [et_pb_br_holder] -\u2013><!-- [et_pb_line_break_holder] -->        email: \"Please provide a valid email address.\",<!\u2013- [et_pb_br_holder] -\u2013><!-- [et_pb_line_break_holder] -->        url: \"Veuillez entrer une URL valide.\",<!\u2013- [et_pb_br_holder] -\u2013><!-- [et_pb_line_break_holder] -->        date: \"Veuillez entrer une date valide.\",<!\u2013- [et_pb_br_holder] -\u2013><!-- [et_pb_line_break_holder] -->        dateISO: \"Veuillez entrer une date valide (ISO).\",<!\u2013- [et_pb_br_holder] -\u2013><!-- [et_pb_line_break_holder] -->        number: \"Veuillez entrer un nombre valide.\",<!\u2013- [et_pb_br_holder] -\u2013><!-- [et_pb_line_break_holder] -->        digits: \"Veuillez entrer (seulement) une valeur num\u00e9rique.\",<!\u2013- [et_pb_br_holder] -\u2013><!-- [et_pb_line_break_holder] -->        creditcard: \"Veuillez entrer un num\u00e9ro de carte de cr\u00e9dit valide.\",<!\u2013- [et_pb_br_holder] -\u2013><!-- [et_pb_line_break_holder] -->        equalTo: \"Veuillez entrer une nouvelle fois la m\u00eame valeur.\",<!\u2013- [et_pb_br_holder] -\u2013><!-- [et_pb_line_break_holder] -->        accept: \"Veuillez entrer une valeur avec une extension valide.\",<!\u2013- [et_pb_br_holder] -\u2013><!-- [et_pb_line_break_holder] -->        maxlength: $.validator.format(\"Veuillez ne pas entrer plus de {0} caract\u00e8res.\"),<!\u2013- [et_pb_br_holder] -\u2013><!-- [et_pb_line_break_holder] -->        minlength: $.validator.format(\"Veuillez entrer au moins {0} caract\u00e8res.\"),<!\u2013- [et_pb_br_holder] -\u2013><!-- [et_pb_line_break_holder] -->        rangelength: $.validator.format(\"Veuillez entrer entre {0} et {1} caract\u00e8res.\"),<!\u2013- [et_pb_br_holder] -\u2013><!-- [et_pb_line_break_holder] -->        range: $.validator.format(\"Veuillez entrer une valeur entre {0} et {1}.\"),<!\u2013- [et_pb_br_holder] -\u2013><!-- [et_pb_line_break_holder] -->        max: $.validator.format(\"Veuillez entrer une valeur inf\u00e9rieure ou \u00e9gale \u00e0 {0}.\"),<!\u2013- [et_pb_br_holder] -\u2013><!-- [et_pb_line_break_holder] -->        min: $.validator.format(\"Veuillez entrer une valeur sup\u00e9rieure ou \u00e9gale \u00e0 {0}.\")<!\u2013- [et_pb_br_holder] -\u2013><!-- [et_pb_line_break_holder] -->});}(jQuery));var $mcj = jQuery.noConflict(true);<\/script><!\u2013- [et_pb_br_holder] -\u2013><!-- [et_pb_line_break_holder] --><!--End mc_embed_signup--><\/pee>[\/et_pb_code][\/et_pb_column][\/et_pb_row][\/et_pb_section]<\/p>\n","protected":false},"excerpt":{"rendered":"<p>LandrichFast forward ten years to the launch of the new Landrich 2.0. Production and sales have been in full swing all year at the Balmoral, New Brunswick production facility.The Landrich 2.0 tracked harvester has been newly designed to meet current environmental regulations, while maintaining incredible fuel efficiency, power and operator comfort that leverages Ponsse\u2019s cut-to-length opti and harvester head technology. The newly designed cab provides even more operator space and comfort than any other harvester, increasing productivity and reducing operator fatigue.The Landrich 2.0 is a story of a dream come true for a New Brunswick family business.Designed and Built by Forestry ExpertsThe Landrich manufacturing facility was founded in Northern New Brunswick in 1997 by the Landry family. The primary focus of this new organization was to design and manufacture forestry conversion kits for excavators and other custom applications.The dream of producing their own tracked harvester, designed specifically for the unique needs of forestry professionals, began in 2004. With the addition of an R&#038;D department in 2005 and after 4 years of R&#038;D, a Landrich prototype was launched in 2008.A.L.P.A. Equipment Ltd. understands that a customer&#8217;s machine is more than a piece of metal, it&#8217;s their livelihood, and its performance can [&hellip;]<\/p>\n","protected":false},"author":12,"featured_media":0,"parent":0,"menu_order":22,"comment_status":"closed","ping_status":"closed","template":"","meta":{"_et_pb_use_builder":"on","_et_pb_old_content":"","_et_gb_content_width":"","footnotes":""},"class_list":["post-100003896","page","type-page","status-publish","hentry"],"yoast_head":"<!-- This site is optimized with the Yoast SEO plugin v27.1.1 - https:\/\/yoast.com\/product\/yoast-seo-wordpress\/ -->\n<title>Landrich | Hydromec<\/title>\n<meta name=\"description\" content=\"We are dealers of Landrich products, benefit from the expertise of Hydromec Inc. for the purchase of your equipment.\" \/>\n<meta name=\"robots\" content=\"index, follow, max-snippet:-1, max-image-preview:large, max-video-preview:-1\" \/>\n<link rel=\"canonical\" href=\"https:\/\/hydromec.ca\/en\/landrich\/\" \/>\n<meta property=\"og:locale\" content=\"en_US\" \/>\n<meta property=\"og:type\" content=\"article\" \/>\n<meta property=\"og:title\" content=\"Landrich | Hydromec\" \/>\n<meta property=\"og:description\" content=\"We are dealers of Landrich products, benefit from the expertise of Hydromec Inc. for the purchase of your equipment.\" \/>\n<meta property=\"og:url\" content=\"https:\/\/hydromec.ca\/en\/landrich\/\" \/>\n<meta property=\"og:site_name\" content=\"Hydromec\" \/>\n<meta property=\"article:publisher\" content=\"https:\/\/www.facebook.com\/hydromecinc\" \/>\n<meta property=\"article:modified_time\" content=\"2025-04-24T18:42:33+00:00\" \/>\n<meta property=\"og:image\" content=\"https:\/\/hydromec.ca\/wp-content\/uploads\/2024\/12\/accueil-hydromec-2.jpg\" \/>\n\t<meta property=\"og:image:width\" content=\"1200\" \/>\n\t<meta property=\"og:image:height\" content=\"675\" \/>\n\t<meta property=\"og:image:type\" content=\"image\/jpeg\" \/>\n<meta name=\"twitter:card\" content=\"summary_large_image\" \/>\n<meta name=\"twitter:label1\" content=\"Est. reading time\" \/>\n\t<meta name=\"twitter:data1\" content=\"6 minutes\" \/>\n<script type=\"application\/ld+json\" class=\"yoast-schema-graph\">{\"@context\":\"https:\/\/schema.org\",\"@graph\":[{\"@type\":\"WebPage\",\"@id\":\"https:\/\/hydromec.ca\/en\/landrich\/\",\"url\":\"https:\/\/hydromec.ca\/en\/landrich\/\",\"name\":\"Landrich | Hydromec\",\"isPartOf\":{\"@id\":\"https:\/\/hydromec.ca\/en\/#website\"},\"datePublished\":\"2023-10-18T20:19:47+00:00\",\"dateModified\":\"2025-04-24T18:42:33+00:00\",\"description\":\"We are dealers of Landrich products, benefit from the expertise of Hydromec Inc. for the purchase of your equipment.\",\"breadcrumb\":{\"@id\":\"https:\/\/hydromec.ca\/en\/landrich\/#breadcrumb\"},\"inLanguage\":\"en-US\",\"potentialAction\":[{\"@type\":\"ReadAction\",\"target\":[\"https:\/\/hydromec.ca\/en\/landrich\/\"]}]},{\"@type\":\"BreadcrumbList\",\"@id\":\"https:\/\/hydromec.ca\/en\/landrich\/#breadcrumb\",\"itemListElement\":[{\"@type\":\"ListItem\",\"position\":1,\"name\":\"Accueil\",\"item\":\"https:\/\/hydromec.ca\/en\/\"},{\"@type\":\"ListItem\",\"position\":2,\"name\":\"Landrich\"}]},{\"@type\":\"WebSite\",\"@id\":\"https:\/\/hydromec.ca\/en\/#website\",\"url\":\"https:\/\/hydromec.ca\/en\/\",\"name\":\"Hydromec inc.\",\"description\":\"Le leader dans la vente d\u2019\u00e9quipement forestier au Qu\u00e9bec\",\"potentialAction\":[{\"@type\":\"SearchAction\",\"target\":{\"@type\":\"EntryPoint\",\"urlTemplate\":\"https:\/\/hydromec.ca\/en\/?s={search_term_string}\"},\"query-input\":{\"@type\":\"PropertyValueSpecification\",\"valueRequired\":true,\"valueName\":\"search_term_string\"}}],\"inLanguage\":\"en-US\"}]}<\/script>\n<!-- \/ Yoast SEO plugin. -->","yoast_head_json":{"title":"Landrich | Hydromec","description":"We are dealers of Landrich products, benefit from the expertise of Hydromec Inc. for the purchase of your equipment.","robots":{"index":"index","follow":"follow","max-snippet":"max-snippet:-1","max-image-preview":"max-image-preview:large","max-video-preview":"max-video-preview:-1"},"canonical":"https:\/\/hydromec.ca\/en\/landrich\/","og_locale":"en_US","og_type":"article","og_title":"Landrich | Hydromec","og_description":"We are dealers of Landrich products, benefit from the expertise of Hydromec Inc. for the purchase of your equipment.","og_url":"https:\/\/hydromec.ca\/en\/landrich\/","og_site_name":"Hydromec","article_publisher":"https:\/\/www.facebook.com\/hydromecinc","article_modified_time":"2025-04-24T18:42:33+00:00","og_image":[{"width":1200,"height":675,"url":"https:\/\/hydromec.ca\/wp-content\/uploads\/2024\/12\/accueil-hydromec-2.jpg","type":"image\/jpeg"}],"twitter_card":"summary_large_image","twitter_misc":{"Est. reading time":"6 minutes"},"schema":{"@context":"https:\/\/schema.org","@graph":[{"@type":"WebPage","@id":"https:\/\/hydromec.ca\/en\/landrich\/","url":"https:\/\/hydromec.ca\/en\/landrich\/","name":"Landrich | Hydromec","isPartOf":{"@id":"https:\/\/hydromec.ca\/en\/#website"},"datePublished":"2023-10-18T20:19:47+00:00","dateModified":"2025-04-24T18:42:33+00:00","description":"We are dealers of Landrich products, benefit from the expertise of Hydromec Inc. for the purchase of your equipment.","breadcrumb":{"@id":"https:\/\/hydromec.ca\/en\/landrich\/#breadcrumb"},"inLanguage":"en-US","potentialAction":[{"@type":"ReadAction","target":["https:\/\/hydromec.ca\/en\/landrich\/"]}]},{"@type":"BreadcrumbList","@id":"https:\/\/hydromec.ca\/en\/landrich\/#breadcrumb","itemListElement":[{"@type":"ListItem","position":1,"name":"Accueil","item":"https:\/\/hydromec.ca\/en\/"},{"@type":"ListItem","position":2,"name":"Landrich"}]},{"@type":"WebSite","@id":"https:\/\/hydromec.ca\/en\/#website","url":"https:\/\/hydromec.ca\/en\/","name":"Hydromec inc.","description":"Le leader dans la vente d\u2019\u00e9quipement forestier au Qu\u00e9bec","potentialAction":[{"@type":"SearchAction","target":{"@type":"EntryPoint","urlTemplate":"https:\/\/hydromec.ca\/en\/?s={search_term_string}"},"query-input":{"@type":"PropertyValueSpecification","valueRequired":true,"valueName":"search_term_string"}}],"inLanguage":"en-US"}]}},"_links":{"self":[{"href":"https:\/\/hydromec.ca\/en\/wp-json\/wp\/v2\/pages\/100003896","targetHints":{"allow":["GET"]}}],"collection":[{"href":"https:\/\/hydromec.ca\/en\/wp-json\/wp\/v2\/pages"}],"about":[{"href":"https:\/\/hydromec.ca\/en\/wp-json\/wp\/v2\/types\/page"}],"author":[{"embeddable":true,"href":"https:\/\/hydromec.ca\/en\/wp-json\/wp\/v2\/users\/12"}],"replies":[{"embeddable":true,"href":"https:\/\/hydromec.ca\/en\/wp-json\/wp\/v2\/comments?post=100003896"}],"version-history":[{"count":2,"href":"https:\/\/hydromec.ca\/en\/wp-json\/wp\/v2\/pages\/100003896\/revisions"}],"predecessor-version":[{"id":100003898,"href":"https:\/\/hydromec.ca\/en\/wp-json\/wp\/v2\/pages\/100003896\/revisions\/100003898"}],"wp:attachment":[{"href":"https:\/\/hydromec.ca\/en\/wp-json\/wp\/v2\/media?parent=100003896"}],"curies":[{"name":"wp","href":"https:\/\/api.w.org\/{rel}","templated":true}]}}