{"id":100003890,"date":"2023-10-19T09:14:18","date_gmt":"2023-10-19T13:14:18","guid":{"rendered":"https:\/\/hydromec.ca\/fuchs\/"},"modified":"2025-04-24T14:22:40","modified_gmt":"2025-04-24T18:22:40","slug":"fuchs","status":"publish","type":"page","link":"https:\/\/hydromec.ca\/en\/fuchs\/","title":{"rendered":"Fuchs"},"content":{"rendered":"<p>[et_pb_section fb_built=&#8221;1&#8243; fullwidth=&#8221;on&#8221; _builder_version=&#8221;4.27.0&#8243; _module_preset=&#8221;default&#8221; global_colors_info=&#8221;{}&#8221;][et_pb_fullwidth_image src=&#8221;https:\/\/hydromec.ca\/wp-content\/uploads\/2024\/08\/fuchs-hydromec-1.jpg&#8221; alt=&#8221;fuchs-hydromec&#8221; title_text=&#8221;fuchs-hydromec&#8221; _builder_version=&#8221;4.27.0&#8243; _module_preset=&#8221;default&#8221; global_colors_info=&#8221;{}&#8221;][\/et_pb_fullwidth_image][\/et_pb_section][et_pb_section fb_built=&#8221;1&#8243; _builder_version=&#8221;4.27.0&#8243; _module_preset=&#8221;default&#8221; global_colors_info=&#8221;{}&#8221;][et_pb_row _builder_version=&#8221;4.27.0&#8243; _module_preset=&#8221;default&#8221; custom_padding=&#8221;||0px||false|false&#8221; global_colors_info=&#8221;{}&#8221;][et_pb_column type=&#8221;4_4&#8243; _builder_version=&#8221;4.27.0&#8243; _module_preset=&#8221;default&#8221; global_colors_info=&#8221;{}&#8221;][et_pb_text _builder_version=&#8221;4.27.0&#8243; _module_preset=&#8221;default&#8221; global_colors_info=&#8221;{}&#8221;]<\/p>\n<h1>Fuchs<\/h1>\n<p>[\/et_pb_text][\/et_pb_column][\/et_pb_row][et_pb_row column_structure=&#8221;3_5,2_5&#8243; _builder_version=&#8221;4.27.0&#8243; _module_preset=&#8221;default&#8221; custom_padding=&#8221;0px||||false|false&#8221; global_colors_info=&#8221;{}&#8221;][et_pb_column type=&#8221;3_5&#8243; _builder_version=&#8221;4.27.0&#8243; _module_preset=&#8221;default&#8221; global_colors_info=&#8221;{}&#8221;][et_pb_text _builder_version=&#8221;4.27.4&#8243; _module_preset=&#8221;default&#8221; hover_enabled=&#8221;0&#8243; global_colors_info=&#8221;{}&#8221; sticky_enabled=&#8221;0&#8243;]<\/p>\n<h5>The name Fuchs has stood for innovative loading machine concepts for over 130 years.<\/h5>\n<p><\/p>\n<p>Unique design features make Fuchs\u00ae machines true all-rounders for material handling. Whether in scrap yards, recycling, the sawmilling industry or ports \u2013 Fuchs\u00ae machines stand for maximum productivity and profitability everywhere. At the site in Bad Sch\u00f6nborn, Germany (near Karlsruhe), 350 employees produce a complete range of products of the highest quality for every application.<\/p>\n<p>[\/et_pb_text][\/et_pb_column][et_pb_column type=&#8221;2_5&#8243; _builder_version=&#8221;4.27.0&#8243; _module_preset=&#8221;default&#8221; global_colors_info=&#8221;{}&#8221;][et_pb_image src=&#8221;https:\/\/hydromec.ca\/wp-content\/uploads\/2024\/11\/logo-fuchs-hydromec.svg&#8221; alt=&#8221;logo-fuchs-hydromec&#8221; title_text=&#8221;logo-fuchs-hydromec&#8221; _builder_version=&#8221;4.27.3&#8243; _module_preset=&#8221;default&#8221; global_colors_info=&#8221;{}&#8221;][\/et_pb_image][\/et_pb_column][\/et_pb_row][\/et_pb_section][et_pb_section fb_built=&#8221;1&#8243; _builder_version=&#8221;4.27.0&#8243; _module_preset=&#8221;default&#8221; background_color=&#8221;#ececec&#8221; global_colors_info=&#8221;{}&#8221;][et_pb_row _builder_version=&#8221;4.27.0&#8243; _module_preset=&#8221;default&#8221; custom_padding=&#8221;||0px||false|false&#8221; global_colors_info=&#8221;{}&#8221;][et_pb_column type=&#8221;4_4&#8243; _builder_version=&#8221;4.27.0&#8243; _module_preset=&#8221;default&#8221; global_colors_info=&#8221;{}&#8221;][et_pb_text module_class=&#8221;h2-ligne-noire&#8221; _builder_version=&#8221;4.27.0&#8243; _module_preset=&#8221;default&#8221; global_colors_info=&#8221;{}&#8221;]<\/p>\n<h2>A story of great ideas and constant innovation<\/h2>\n<p>[\/et_pb_text][\/et_pb_column][\/et_pb_row][et_pb_row column_structure=&#8221;1_2,1_2&#8243; _builder_version=&#8221;4.27.0&#8243; _module_preset=&#8221;default&#8221; global_colors_info=&#8221;{}&#8221;][et_pb_column type=&#8221;1_2&#8243; _builder_version=&#8221;4.27.0&#8243; _module_preset=&#8221;default&#8221; global_colors_info=&#8221;{}&#8221;][et_pb_image src=&#8221;https:\/\/hydromec.ca\/wp-content\/uploads\/2024\/08\/histoire-fuchs-hydromec.jpg&#8221; alt=&#8221;histoire-fuchs-hydromec&#8221; title_text=&#8221;histoire-fuchs-hydromec&#8221; _builder_version=&#8221;4.27.0&#8243; _module_preset=&#8221;default&#8221; global_colors_info=&#8221;{}&#8221;][\/et_pb_image][\/et_pb_column][et_pb_column type=&#8221;1_2&#8243; _builder_version=&#8221;4.27.0&#8243; _module_preset=&#8221;default&#8221; global_colors_info=&#8221;{}&#8221;][et_pb_text _builder_version=&#8221;4.27.3&#8243; _module_preset=&#8221;default&#8221; global_colors_info=&#8221;{}&#8221;]<\/p>\n<p>Fuchs \u2013 this name not only stands for innovative and highly efficient loading machines of excellent quality, but also for a decades-long history, which is characterized by pioneering achievements in technology. As early as the 1960s, the Fuchs\u00ae Bagger 301 was one of the best-selling and most popular excavators, and in 1975, the company received the patent for the newly developed height-adjustable and swiveling cab. So it&#8217;s no wonder that the spirit of the company is still characterized by great innovative strength.<\/p>\n<p>[\/et_pb_text][\/et_pb_column][\/et_pb_row][\/et_pb_section][et_pb_section fb_built=&#8221;1&#8243; _builder_version=&#8221;4.27.0&#8243; _module_preset=&#8221;default&#8221; global_colors_info=&#8221;{}&#8221;][et_pb_row _builder_version=&#8221;4.27.0&#8243; _module_preset=&#8221;default&#8221; custom_padding=&#8221;||0px||false|false&#8221; global_colors_info=&#8221;{}&#8221;][et_pb_column type=&#8221;4_4&#8243; _builder_version=&#8221;4.27.0&#8243; _module_preset=&#8221;default&#8221; global_colors_info=&#8221;{}&#8221;][et_pb_text module_class=&#8221;h2-ligne-noire&#8221; _builder_version=&#8221;4.27.0&#8243; _module_preset=&#8221;default&#8221; global_colors_info=&#8221;{}&#8221;]<\/p>\n<h2>Our Fuchs Products<\/h2>\n<p>[\/et_pb_text][\/et_pb_column][\/et_pb_row][et_pb_row column_structure=&#8221;1_2,1_2&#8243; make_equal=&#8221;on&#8221; module_class=&#8221;nos-produits&#8221; _builder_version=&#8221;4.27.3&#8243; _module_preset=&#8221;default&#8221; global_colors_info=&#8221;{}&#8221;][et_pb_column type=&#8221;1_2&#8243; _builder_version=&#8221;4.27.0&#8243; _module_preset=&#8221;default&#8221; global_colors_info=&#8221;{}&#8221;][et_pb_image src=&#8221;https:\/\/hydromec.ca\/wp-content\/uploads\/2024\/03\/machine-manutention-bois-fuchs-hydromec.jpg&#8221; alt=&#8221;machine-manutention-bois-fuchs-hydromec&#8221; title_text=&#8221;machine-manutention-bois-fuchs-hydromec&#8221; align=&#8221;center&#8221; force_fullwidth=&#8221;on&#8221; _builder_version=&#8221;4.27.0&#8243; _module_preset=&#8221;default&#8221; global_colors_info=&#8221;{}&#8221;][\/et_pb_image][et_pb_text _builder_version=&#8221;4.27.4&#8243; _module_preset=&#8221;default&#8221; text_orientation=&#8221;center&#8221; global_colors_info=&#8221;{}&#8221;]<\/p>\n<h3>Wood Handling Machine<\/h3>\n<p>[\/et_pb_text][et_pb_button button_url=&#8221;https:\/\/hydromec.ca\/en\/categorie-produit\/timber-handling-machines\/&#8221; button_text=&#8221;Learn more&#8221; button_alignment=&#8221;center&#8221; _builder_version=&#8221;4.27.4&#8243; _module_preset=&#8221;default&#8221; global_colors_info=&#8221;{}&#8221;][\/et_pb_button][\/et_pb_column][et_pb_column type=&#8221;1_2&#8243; _builder_version=&#8221;4.27.0&#8243; _module_preset=&#8221;default&#8221; global_colors_info=&#8221;{}&#8221;][et_pb_image src=&#8221;https:\/\/hydromec.ca\/wp-content\/uploads\/2024\/03\/machine-manutention-fuchs-hydromec.jpg&#8221; alt=&#8221;machine-manutention-fuchs-hydromec&#8221; title_text=&#8221;machine-manutention-fuchs-hydromec&#8221; align=&#8221;center&#8221; force_fullwidth=&#8221;on&#8221; _builder_version=&#8221;4.27.0&#8243; _module_preset=&#8221;default&#8221; global_colors_info=&#8221;{}&#8221;][\/et_pb_image][et_pb_text _builder_version=&#8221;4.27.3&#8243; _module_preset=&#8221;default&#8221; text_orientation=&#8221;center&#8221; global_colors_info=&#8221;{}&#8221;]<\/p>\n<h3>Handling Machine<\/h3>\n<p>[\/et_pb_text][et_pb_button button_url=&#8221;https:\/\/hydromec.ca\/en\/categorie-produit\/material-handlers\/&#8221; button_text=&#8221;Learn more&#8221; button_alignment=&#8221;center&#8221; _builder_version=&#8221;4.27.4&#8243; _module_preset=&#8221;default&#8221; global_colors_info=&#8221;{}&#8221;][\/et_pb_button][\/et_pb_column][\/et_pb_row][et_pb_row column_structure=&#8221;1_2,1_2&#8243; make_equal=&#8221;on&#8221; module_class=&#8221;nos-produits&#8221; _builder_version=&#8221;4.27.3&#8243; _module_preset=&#8221;default&#8221; global_colors_info=&#8221;{}&#8221;][et_pb_column type=&#8221;1_2&#8243; _builder_version=&#8221;4.27.0&#8243; _module_preset=&#8221;default&#8221; global_colors_info=&#8221;{}&#8221;][et_pb_image src=&#8221;https:\/\/hydromec.ca\/wp-content\/uploads\/2024\/11\/machine-manutention-electrique-fuchs-hydromec.jpg&#8221; alt=&#8221;machine-manutention-electrique-fuchs-hydromec&#8221; title_text=&#8221;machine-manutention-electrique-fuchs-hydromec&#8221; _builder_version=&#8221;4.27.3&#8243; _module_preset=&#8221;default&#8221; global_colors_info=&#8221;{}&#8221;][\/et_pb_image][et_pb_text _builder_version=&#8221;4.27.4&#8243; _module_preset=&#8221;default&#8221; text_orientation=&#8221;center&#8221; global_colors_info=&#8221;{}&#8221;]<\/p>\n<h3>Electric Handling Machines<\/h3>\n<p>[\/et_pb_text][et_pb_button button_url=&#8221;https:\/\/hydromec.ca\/en\/categorie-produit\/electric-material-handler\/&#8221; button_text=&#8221;Learn more&#8221; button_alignment=&#8221;center&#8221; _builder_version=&#8221;4.27.4&#8243; _module_preset=&#8221;default&#8221; locked=&#8221;off&#8221; global_colors_info=&#8221;{}&#8221;][\/et_pb_button][\/et_pb_column][et_pb_column type=&#8221;1_2&#8243; _builder_version=&#8221;4.27.0&#8243; _module_preset=&#8221;default&#8221; global_colors_info=&#8221;{}&#8221;][et_pb_image src=&#8221;https:\/\/hydromec.ca\/wp-content\/uploads\/2024\/11\/machine-manutention-a-batterie-fuchs-hydromec.jpg&#8221; alt=&#8221;machine-manutention-a-batterie-fuchs-hydromec&#8221; title_text=&#8221;machine-manutention-a-batterie-fuchs-hydromec&#8221; _builder_version=&#8221;4.27.3&#8243; _module_preset=&#8221;default&#8221; locked=&#8221;off&#8221; global_colors_info=&#8221;{}&#8221;][\/et_pb_image][et_pb_text _builder_version=&#8221;4.27.4&#8243; _module_preset=&#8221;default&#8221; text_orientation=&#8221;center&#8221; locked=&#8221;off&#8221; global_colors_info=&#8221;{}&#8221;]<\/p>\n<h3>Battery Powered Handling Machines<\/h3>\n<p>[\/et_pb_text][et_pb_button button_url=&#8221;https:\/\/hydromec.ca\/en\/categorie-produit\/battery-material-handler\/&#8221; button_text=&#8221;Learn more&#8221; button_alignment=&#8221;center&#8221; _builder_version=&#8221;4.27.4&#8243; _module_preset=&#8221;default&#8221; locked=&#8221;off&#8221; global_colors_info=&#8221;{}&#8221;][\/et_pb_button][\/et_pb_column][\/et_pb_row][\/et_pb_section][et_pb_section fb_built=&#8221;1&#8243; _builder_version=&#8221;4.27.0&#8243; _module_preset=&#8221;default&#8221; global_colors_info=&#8221;{}&#8221;][et_pb_row _builder_version=&#8221;4.27.0&#8243; _module_preset=&#8221;default&#8221; global_colors_info=&#8221;{}&#8221;][et_pb_column type=&#8221;4_4&#8243; _builder_version=&#8221;4.27.0&#8243; _module_preset=&#8221;default&#8221; global_colors_info=&#8221;{}&#8221;][et_pb_text _builder_version=&#8221;4.27.3&#8243; _module_preset=&#8221;default&#8221; global_colors_info=&#8221;{}&#8221;]<\/p>\n<p>See the full range of Fuchs products<\/p>\n<p><\/p>\n<h5><a href=\"https:\/\/www.terex.com\/fuchs\/\" target=\"_blank\" rel=\"noopener\">www.terex.com\/fuchs\/<\/a><\/h5>\n<p>[\/et_pb_text][et_pb_image src=&#8221;https:\/\/hydromec.ca\/wp-content\/uploads\/2024\/11\/logo-fuchs-hydromec.svg&#8221; alt=&#8221;logo-fuchs-hydromec&#8221; title_text=&#8221;logo-fuchs-hydromec&#8221; _builder_version=&#8221;4.27.3&#8243; _module_preset=&#8221;default&#8221; max_width=&#8221;350px&#8221; global_colors_info=&#8221;{}&#8221;][\/et_pb_image][\/et_pb_column][\/et_pb_row][\/et_pb_section][et_pb_section fb_built=&#8221;1&#8243; _builder_version=&#8221;4.27.0&#8243; _module_preset=&#8221;default&#8221; background_color=&#8221;#0095db&#8221; global_module=&#8221;1548&#8243; global_colors_info=&#8221;{}&#8221;][et_pb_row _builder_version=&#8221;4.27.0&#8243; _module_preset=&#8221;default&#8221; global_colors_info=&#8221;{}&#8221;][et_pb_column type=&#8221;4_4&#8243; _builder_version=&#8221;4.27.0&#8243; _module_preset=&#8221;default&#8221; global_colors_info=&#8221;{}&#8221;][et_pb_text module_class=&#8221;h2-ligne-blanche texte-blanc&#8221; _builder_version=&#8221;4.27.0&#8243; _module_preset=&#8221;default&#8221; global_colors_info=&#8221;{}&#8221;]<\/p>\n<h2>Let&#8217;s stay in touch<\/h2>\n<p><\/p>\n<p>Stay up to date on our events, exclusive promotions and the latest news by subscribing to the Hydromec newsletter.<\/p>\n<p>[\/et_pb_text][et_pb_code module_class=&#8221;formulaire-mailchimp texte-blanc&#8221; _builder_version=&#8221;4.27.2&#8243; _module_preset=&#8221;default&#8221; global_colors_info=&#8221;{}&#8221;]<!-- Begin Mailchimp Signup Form --><!-- [et_pb_line_break_holder] --><!\u2013- [et_pb_br_holder] -\u2013><\/p>\n<div id=\"mc_embed_signup\"><!-- [et_pb_line_break_holder] --><\/p>\n<form id=\"mc-embedded-subscribe-form\" class=\"validate\" action=\"https:\/\/hydromec.us14.list-manage.com\/subscribe\/post?u=5a8ee9902b492514351500bb0&amp;id=85a9808c68&amp;f_id=000773e3f0\" method=\"post\" name=\"mc-embedded-subscribe-form\" novalidate=\"\" target=\"_self\"><!-- [et_pb_line_break_holder] --><\/p>\n<div id=\"mc_embed_signup_scroll\"><!-- [et_pb_line_break_holder] --><\/p>\n<div class=\"mc-field-group\"><!-- [et_pb_line_break_holder] --> <input id=\"mce-EMAIL\" class=\"required email\" name=\"EMAIL\" type=\"email\" placeholder=\"Email\" aria-required=\"true\" \/><!-- [et_pb_line_break_holder] --> <input id=\"mc-embedded-subscribe\" class=\"button\" name=\"subscribe\" type=\"submit\" value=\"Subscribe\" \/><!-- [et_pb_line_break_holder] --><\/div>\n<p><!\u2013- [et_pb_br_holder] -\u2013><!-- [et_pb_line_break_holder] --><!\u2013- [et_pb_br_holder] -\u2013><\/p>\n<div id=\"mce-responses\" class=\"clear\"><!-- [et_pb_line_break_holder] --><\/p>\n<div id=\"mce-error-response\" class=\"response\" style=\"display: none;\">\u00a0<\/div>\n<p><!\u2013- [et_pb_br_holder] -\u2013><!-- [et_pb_line_break_holder] --><!\u2013- [et_pb_br_holder] -\u2013><\/p>\n<div id=\"mce-success-response\" class=\"response\" style=\"display: none;\">\u00a0<\/div>\n<p><!\u2013- [et_pb_br_holder] -\u2013><!-- [et_pb_line_break_holder] --><\/div>\n<p><!\u2013- [et_pb_br_holder] -\u2013><!-- [et_pb_line_break_holder] --><!\u2013- [et_pb_br_holder] -\u2013><pee><!-- real people should not fill this in and expect good things - do not remove this or risk form bot signups--><\/pee><!\u2013- [et_pb_br_holder] -\u2013><!-- [et_pb_line_break_holder] --><!\u2013- [et_pb_br_holder] -\u2013><\/p>\n<div style=\"position: absolute; left: -5000px;\" aria-hidden=\"true\"><input tabindex=\"-1\" name=\"b_fcc1074566e105fd6d5490466_5d1fca8344\" type=\"text\" value=\"\" \/><\/div>\n<p><!\u2013- [et_pb_br_holder] -\u2013><!-- [et_pb_line_break_holder] --><\/div>\n<p><!\u2013- [et_pb_br_holder] -\u2013><!-- [et_pb_line_break_holder] --><\/form>\n<p><!-- [et_pb_line_break_holder] --><\/div>\n<p><!\u2013- [et_pb_br_holder] -\u2013><!-- [et_pb_line_break_holder] --><!\u2013- [et_pb_br_holder] -\u2013><pee><script type=\"text\/javascript\" src=\"\/\/s3.amazonaws.com\/downloads.mailchimp.com\/js\/mc-validate.js\"><\/script><script type=\"text\/javascript\">(function($) {window.fnames = new Array(); window.ftypes = new Array();fnames[0]='EMAIL';ftypes[0]='email';fnames[1]='FNAME';ftypes[1]='text';fnames[2]='LNAME';ftypes[2]='text';fnames[3]='ADDRESS';ftypes[3]='address';fnames[4]='PHONE';ftypes[4]='phone';fnames[5]='BIRTHDAY';ftypes[5]='birthday';\/*<!\u2013- [et_pb_br_holder] -\u2013><!-- [et_pb_line_break_holder] --> * Translated default messages for the $ validation plugin.<!\u2013- [et_pb_br_holder] -\u2013><!-- [et_pb_line_break_holder] --> * Locale: FR<!\u2013- [et_pb_br_holder] -\u2013><!-- [et_pb_line_break_holder] --> *\/<!\u2013- [et_pb_br_holder] -\u2013><!-- [et_pb_line_break_holder] -->$.extend($.validator.messages, {<!\u2013- [et_pb_br_holder] -\u2013><!-- [et_pb_line_break_holder] -->        required: \"This field is required.\",<!\u2013- [et_pb_br_holder] -\u2013><!-- [et_pb_line_break_holder] -->        remote: \"Please fill this field to continue.\",<!\u2013- [et_pb_br_holder] -\u2013><!-- [et_pb_line_break_holder] -->        email: \"Please provide a valid email address.\",<!\u2013- [et_pb_br_holder] -\u2013><!-- [et_pb_line_break_holder] -->        url: \"Veuillez entrer une URL valide.\",<!\u2013- [et_pb_br_holder] -\u2013><!-- [et_pb_line_break_holder] -->        date: \"Veuillez entrer une date valide.\",<!\u2013- [et_pb_br_holder] -\u2013><!-- [et_pb_line_break_holder] -->        dateISO: \"Veuillez entrer une date valide (ISO).\",<!\u2013- [et_pb_br_holder] -\u2013><!-- [et_pb_line_break_holder] -->        number: \"Veuillez entrer un nombre valide.\",<!\u2013- [et_pb_br_holder] -\u2013><!-- [et_pb_line_break_holder] -->        digits: \"Veuillez entrer (seulement) une valeur num\u00e9rique.\",<!\u2013- [et_pb_br_holder] -\u2013><!-- [et_pb_line_break_holder] -->        creditcard: \"Veuillez entrer un num\u00e9ro de carte de cr\u00e9dit valide.\",<!\u2013- [et_pb_br_holder] -\u2013><!-- [et_pb_line_break_holder] -->        equalTo: \"Veuillez entrer une nouvelle fois la m\u00eame valeur.\",<!\u2013- [et_pb_br_holder] -\u2013><!-- [et_pb_line_break_holder] -->        accept: \"Veuillez entrer une valeur avec une extension valide.\",<!\u2013- [et_pb_br_holder] -\u2013><!-- [et_pb_line_break_holder] -->        maxlength: $.validator.format(\"Veuillez ne pas entrer plus de {0} caract\u00e8res.\"),<!\u2013- [et_pb_br_holder] -\u2013><!-- [et_pb_line_break_holder] -->        minlength: $.validator.format(\"Veuillez entrer au moins {0} caract\u00e8res.\"),<!\u2013- [et_pb_br_holder] -\u2013><!-- [et_pb_line_break_holder] -->        rangelength: $.validator.format(\"Veuillez entrer entre {0} et {1} caract\u00e8res.\"),<!\u2013- [et_pb_br_holder] -\u2013><!-- [et_pb_line_break_holder] -->        range: $.validator.format(\"Veuillez entrer une valeur entre {0} et {1}.\"),<!\u2013- [et_pb_br_holder] -\u2013><!-- [et_pb_line_break_holder] -->        max: $.validator.format(\"Veuillez entrer une valeur inf\u00e9rieure ou \u00e9gale \u00e0 {0}.\"),<!\u2013- [et_pb_br_holder] -\u2013><!-- [et_pb_line_break_holder] -->        min: $.validator.format(\"Veuillez entrer une valeur sup\u00e9rieure ou \u00e9gale \u00e0 {0}.\")<!\u2013- [et_pb_br_holder] -\u2013><!-- [et_pb_line_break_holder] -->});}(jQuery));var $mcj = jQuery.noConflict(true);<\/script><!\u2013- [et_pb_br_holder] -\u2013><!-- [et_pb_line_break_holder] --><!--End mc_embed_signup--><\/pee>[\/et_pb_code][\/et_pb_column][\/et_pb_row][\/et_pb_section]<\/p>\n","protected":false},"excerpt":{"rendered":"<p>FuchsThe name Fuchs has stood for innovative loading machine concepts for over 130 years.Unique design features make Fuchs\u00ae machines true all-rounders for material handling. Whether in scrap yards, recycling, the sawmilling industry or ports \u2013 Fuchs\u00ae machines stand for maximum productivity and profitability everywhere. At the site in Bad Sch\u00f6nborn, Germany (near Karlsruhe), 350 employees produce a complete range of products of the highest quality for every application.A story of great ideas and constant innovationFuchs \u2013 this name not only stands for innovative and highly efficient loading machines of excellent quality, but also for a decades-long history, which is characterized by pioneering achievements in technology. As early as the 1960s, the Fuchs\u00ae Bagger 301 was one of the best-selling and most popular excavators, and in 1975, the company received the patent for the newly developed height-adjustable and swiveling cab. So it&#8217;s no wonder that the spirit of the company is still characterized by great innovative strength.Our Fuchs ProductsWood Handling MachineHandling MachineElectric Handling MachinesBattery Powered Handling MachinesSee the full range of Fuchs productswww.terex.com\/fuchs\/Let&#8217;s stay in touchStay up to date on our events, exclusive promotions and the latest news by subscribing to the Hydromec newsletter.<\/p>\n","protected":false},"author":12,"featured_media":0,"parent":0,"menu_order":15,"comment_status":"closed","ping_status":"closed","template":"","meta":{"_et_pb_use_builder":"on","_et_pb_old_content":"","_et_gb_content_width":"","footnotes":""},"class_list":["post-100003890","page","type-page","status-publish","hentry"],"yoast_head":"<!-- This site is optimized with the Yoast SEO plugin v27.4 - https:\/\/yoast.com\/product\/yoast-seo-wordpress\/ -->\n<title>Fuchs | Hydromec<\/title>\n<meta name=\"description\" content=\"We are dealers of Fuchs products, benefit from the expertise of Hydromec Inc. for the purchase of your equipment.\" \/>\n<meta name=\"robots\" content=\"index, follow, max-snippet:-1, max-image-preview:large, max-video-preview:-1\" \/>\n<link rel=\"canonical\" href=\"https:\/\/hydromec.ca\/en\/fuchs\/\" \/>\n<meta property=\"og:locale\" content=\"en_US\" \/>\n<meta property=\"og:type\" content=\"article\" \/>\n<meta property=\"og:title\" content=\"Fuchs | Hydromec\" \/>\n<meta property=\"og:description\" content=\"We are dealers of Fuchs products, benefit from the expertise of Hydromec Inc. for the purchase of your equipment.\" \/>\n<meta property=\"og:url\" content=\"https:\/\/hydromec.ca\/en\/fuchs\/\" \/>\n<meta property=\"og:site_name\" content=\"Hydromec\" \/>\n<meta property=\"article:publisher\" content=\"https:\/\/www.facebook.com\/hydromecinc\" \/>\n<meta property=\"article:modified_time\" content=\"2025-04-24T18:22:40+00:00\" \/>\n<meta property=\"og:image\" content=\"https:\/\/hydromec.ca\/wp-content\/uploads\/2024\/12\/accueil-hydromec-2.jpg\" \/>\n\t<meta property=\"og:image:width\" content=\"1200\" \/>\n\t<meta property=\"og:image:height\" content=\"675\" \/>\n\t<meta property=\"og:image:type\" content=\"image\/jpeg\" \/>\n<meta name=\"twitter:card\" content=\"summary_large_image\" \/>\n<meta name=\"twitter:label1\" content=\"Est. reading time\" \/>\n\t<meta name=\"twitter:data1\" content=\"6 minutes\" \/>\n<script type=\"application\/ld+json\" class=\"yoast-schema-graph\">{\"@context\":\"https:\\\/\\\/schema.org\",\"@graph\":[{\"@type\":\"WebPage\",\"@id\":\"https:\\\/\\\/hydromec.ca\\\/en\\\/fuchs\\\/\",\"url\":\"https:\\\/\\\/hydromec.ca\\\/en\\\/fuchs\\\/\",\"name\":\"Fuchs | Hydromec\",\"isPartOf\":{\"@id\":\"https:\\\/\\\/hydromec.ca\\\/en\\\/#website\"},\"datePublished\":\"2023-10-19T13:14:18+00:00\",\"dateModified\":\"2025-04-24T18:22:40+00:00\",\"description\":\"We are dealers of Fuchs products, benefit from the expertise of Hydromec Inc. for the purchase of your equipment.\",\"breadcrumb\":{\"@id\":\"https:\\\/\\\/hydromec.ca\\\/en\\\/fuchs\\\/#breadcrumb\"},\"inLanguage\":\"en-US\",\"potentialAction\":[{\"@type\":\"ReadAction\",\"target\":[\"https:\\\/\\\/hydromec.ca\\\/en\\\/fuchs\\\/\"]}]},{\"@type\":\"BreadcrumbList\",\"@id\":\"https:\\\/\\\/hydromec.ca\\\/en\\\/fuchs\\\/#breadcrumb\",\"itemListElement\":[{\"@type\":\"ListItem\",\"position\":1,\"name\":\"Accueil\",\"item\":\"https:\\\/\\\/hydromec.ca\\\/en\\\/\"},{\"@type\":\"ListItem\",\"position\":2,\"name\":\"Fuchs\"}]},{\"@type\":\"WebSite\",\"@id\":\"https:\\\/\\\/hydromec.ca\\\/en\\\/#website\",\"url\":\"https:\\\/\\\/hydromec.ca\\\/en\\\/\",\"name\":\"Hydromec inc.\",\"description\":\"Le leader dans la vente d\u2019\u00e9quipement forestier au Qu\u00e9bec\",\"potentialAction\":[{\"@type\":\"SearchAction\",\"target\":{\"@type\":\"EntryPoint\",\"urlTemplate\":\"https:\\\/\\\/hydromec.ca\\\/en\\\/?s={search_term_string}\"},\"query-input\":{\"@type\":\"PropertyValueSpecification\",\"valueRequired\":true,\"valueName\":\"search_term_string\"}}],\"inLanguage\":\"en-US\"}]}<\/script>\n<!-- \/ Yoast SEO plugin. -->","yoast_head_json":{"title":"Fuchs | Hydromec","description":"We are dealers of Fuchs products, benefit from the expertise of Hydromec Inc. for the purchase of your equipment.","robots":{"index":"index","follow":"follow","max-snippet":"max-snippet:-1","max-image-preview":"max-image-preview:large","max-video-preview":"max-video-preview:-1"},"canonical":"https:\/\/hydromec.ca\/en\/fuchs\/","og_locale":"en_US","og_type":"article","og_title":"Fuchs | Hydromec","og_description":"We are dealers of Fuchs products, benefit from the expertise of Hydromec Inc. for the purchase of your equipment.","og_url":"https:\/\/hydromec.ca\/en\/fuchs\/","og_site_name":"Hydromec","article_publisher":"https:\/\/www.facebook.com\/hydromecinc","article_modified_time":"2025-04-24T18:22:40+00:00","og_image":[{"width":1200,"height":675,"url":"https:\/\/hydromec.ca\/wp-content\/uploads\/2024\/12\/accueil-hydromec-2.jpg","type":"image\/jpeg"}],"twitter_card":"summary_large_image","twitter_misc":{"Est. reading time":"6 minutes"},"schema":{"@context":"https:\/\/schema.org","@graph":[{"@type":"WebPage","@id":"https:\/\/hydromec.ca\/en\/fuchs\/","url":"https:\/\/hydromec.ca\/en\/fuchs\/","name":"Fuchs | Hydromec","isPartOf":{"@id":"https:\/\/hydromec.ca\/en\/#website"},"datePublished":"2023-10-19T13:14:18+00:00","dateModified":"2025-04-24T18:22:40+00:00","description":"We are dealers of Fuchs products, benefit from the expertise of Hydromec Inc. for the purchase of your equipment.","breadcrumb":{"@id":"https:\/\/hydromec.ca\/en\/fuchs\/#breadcrumb"},"inLanguage":"en-US","potentialAction":[{"@type":"ReadAction","target":["https:\/\/hydromec.ca\/en\/fuchs\/"]}]},{"@type":"BreadcrumbList","@id":"https:\/\/hydromec.ca\/en\/fuchs\/#breadcrumb","itemListElement":[{"@type":"ListItem","position":1,"name":"Accueil","item":"https:\/\/hydromec.ca\/en\/"},{"@type":"ListItem","position":2,"name":"Fuchs"}]},{"@type":"WebSite","@id":"https:\/\/hydromec.ca\/en\/#website","url":"https:\/\/hydromec.ca\/en\/","name":"Hydromec inc.","description":"Le leader dans la vente d\u2019\u00e9quipement forestier au Qu\u00e9bec","potentialAction":[{"@type":"SearchAction","target":{"@type":"EntryPoint","urlTemplate":"https:\/\/hydromec.ca\/en\/?s={search_term_string}"},"query-input":{"@type":"PropertyValueSpecification","valueRequired":true,"valueName":"search_term_string"}}],"inLanguage":"en-US"}]}},"_links":{"self":[{"href":"https:\/\/hydromec.ca\/en\/wp-json\/wp\/v2\/pages\/100003890","targetHints":{"allow":["GET"]}}],"collection":[{"href":"https:\/\/hydromec.ca\/en\/wp-json\/wp\/v2\/pages"}],"about":[{"href":"https:\/\/hydromec.ca\/en\/wp-json\/wp\/v2\/types\/page"}],"author":[{"embeddable":true,"href":"https:\/\/hydromec.ca\/en\/wp-json\/wp\/v2\/users\/12"}],"replies":[{"embeddable":true,"href":"https:\/\/hydromec.ca\/en\/wp-json\/wp\/v2\/comments?post=100003890"}],"version-history":[{"count":2,"href":"https:\/\/hydromec.ca\/en\/wp-json\/wp\/v2\/pages\/100003890\/revisions"}],"predecessor-version":[{"id":100003892,"href":"https:\/\/hydromec.ca\/en\/wp-json\/wp\/v2\/pages\/100003890\/revisions\/100003892"}],"wp:attachment":[{"href":"https:\/\/hydromec.ca\/en\/wp-json\/wp\/v2\/media?parent=100003890"}],"curies":[{"name":"wp","href":"https:\/\/api.w.org\/{rel}","templated":true}]}}